{"id":581,"date":"2026-01-28T14:15:27","date_gmt":"2026-01-28T13:15:27","guid":{"rendered":"https:\/\/preview.pmrbv.nl\/index.php\/ueber-pmr-bv\/"},"modified":"2026-02-17T09:30:37","modified_gmt":"2026-02-17T08:30:37","slug":"ueber-pmr-bv","status":"publish","type":"page","link":"https:\/\/pmrbv.nl\/de\/ueber-pmr-bv\/","title":{"rendered":"\u00dcber PMR BV"},"content":{"rendered":"\n<div class=\"wp-block-columns alignwide are-vertically-aligned-top is-layout-flex wp-container-core-columns-is-layout-ec2e7a44 wp-block-columns-is-layout-flex\" style=\"padding-top:0;padding-bottom:0\">\n<div class=\"wp-block-column is-vertically-aligned-top is-layout-flow wp-block-column-is-layout-flow\">\n<h2 class=\"wp-block-heading has-text-align-left\">\u00dcber PMR BV<\/h2>\n<\/div>\n\n\n\n<div class=\"wp-block-column is-vertically-aligned-top is-layout-flow wp-block-column-is-layout-flow\">\n<p>Materialrecycling gewinnt in unserer Welt, in der die Anzahl der Rohstoffe nicht unbegrenzt ist, zunehmend an Bedeutung. Das Recycling von Material f\u00fchrt zu weniger CO2-Emissionen als die Prim\u00e4rgewinnung von Rohstoffen. <\/p>\n\n\n\n<p>Dank unseres Fachwissens und der modernen Verarbeitungsausr\u00fcstung (einschlie\u00dflich der 1000-Tonnen-Schrottschere von Lefort und der Sortieranlage von Eldan) sind wir in der Lage, die verschiedenen Materialtypen zu trennen und Verunreinigungen zu beseitigen, sodass ein Rohstoff gem\u00e4\u00df den Anforderungen der Branche entsteht.<\/p>\n<\/div>\n<\/div>\n\n<p><\/p>\n","protected":false},"excerpt":{"rendered":"<p>\u00dcber PMR BV Materialrecycling gewinnt in unserer Welt, in der die Anzahl der Rohstoffe nicht unbegrenzt ist, zunehmend an Bedeutung. Das Recycling von Material f\u00fchrt zu weniger CO2-Emissionen als die Prim\u00e4rgewinnung von Rohstoffen. Dank unseres Fachwissens und der modernen Verarbeitungsausr\u00fcstung (einschlie\u00dflich der 1000-Tonnen-Schrottschere von Lefort und der Sortieranlage von Eldan) sind wir in der Lage, [&hellip;]<\/p>\n","protected":false},"author":1,"featured_media":706,"parent":0,"menu_order":0,"comment_status":"closed","ping_status":"closed","template":"","meta":{"_acf_changed":false,"footnotes":""},"class_list":["post-581","page","type-page","status-publish","has-post-thumbnail","hentry"],"mb":[],"acf":[],"mfb_rest_fields":["title"],"_links":{"self":[{"href":"https:\/\/pmrbv.nl\/de\/wp-json\/wp\/v2\/pages\/581","targetHints":{"allow":["GET"]}}],"collection":[{"href":"https:\/\/pmrbv.nl\/de\/wp-json\/wp\/v2\/pages"}],"about":[{"href":"https:\/\/pmrbv.nl\/de\/wp-json\/wp\/v2\/types\/page"}],"author":[{"embeddable":true,"href":"https:\/\/pmrbv.nl\/de\/wp-json\/wp\/v2\/users\/1"}],"replies":[{"embeddable":true,"href":"https:\/\/pmrbv.nl\/de\/wp-json\/wp\/v2\/comments?post=581"}],"version-history":[{"count":1,"href":"https:\/\/pmrbv.nl\/de\/wp-json\/wp\/v2\/pages\/581\/revisions"}],"predecessor-version":[{"id":582,"href":"https:\/\/pmrbv.nl\/de\/wp-json\/wp\/v2\/pages\/581\/revisions\/582"}],"wp:featuredmedia":[{"embeddable":true,"href":"https:\/\/pmrbv.nl\/de\/wp-json\/wp\/v2\/media\/706"}],"wp:attachment":[{"href":"https:\/\/pmrbv.nl\/de\/wp-json\/wp\/v2\/media?parent=581"}],"curies":[{"name":"wp","href":"https:\/\/api.w.org\/{rel}","templated":true}]}}