{"id":557,"date":"2026-01-28T16:35:34","date_gmt":"2026-01-28T15:35:34","guid":{"rendered":"https:\/\/preview.pmrbv.nl\/index.php\/import-export\/"},"modified":"2026-04-30T16:22:13","modified_gmt":"2026-04-30T14:22:13","slug":"import-export","status":"publish","type":"page","link":"https:\/\/pmrbv.nl\/de\/import-export\/","title":{"rendered":"Import &amp; Export"},"content":{"rendered":"\n<div class=\"wp-block-columns alignwide is-layout-flex wp-container-core-columns-is-layout-28f84493 wp-block-columns-is-layout-flex\">\n<div class=\"wp-block-column is-layout-flow wp-block-column-is-layout-flow\" style=\"flex-basis:100%\">\n<div class=\"wp-block-group alignwide is-nowrap is-layout-flex wp-container-core-group-is-layout-19ecec75 wp-block-group-is-layout-flex\" style=\"padding-top:var(--wp--preset--spacing--50);padding-bottom:var(--wp--preset--spacing--50)\">\n<h2 class=\"wp-block-heading\"><strong>PMR BV blickt \u00fcber die Landesgrenzen hinaus.<\/strong><\/h2>\n\n\n\n<p>PMR BV blickt \u00fcber die Landesgrenzen hinaus. Wir importieren und exportieren Waren aus dem In- und Ausland. Dar\u00fcber hinaus importieren wir sowohl Eisen- als auch Nichteisenmetalle und k\u00fcmmern uns auch um die notwendigen Dokumente.  Wij importeren zowel ferro als non-ferro metalen, en verzorgen ook de benodigde documenten.<\/p>\n<\/div>\n<\/div>\n<\/div>\n\n<div class=\"wp-block-group alignfull has-background has-global-padding is-layout-constrained wp-block-group-is-layout-constrained\" style=\"background-color:#f5f5f5;padding-top:var(--wp--preset--spacing--50);padding-bottom:var(--wp--preset--spacing--50)\">\n<div class=\"wp-block-group alignwide is-layout-flow wp-block-group-is-layout-flow\">\n<h2 class=\"wp-block-heading\">Import von Metallen und Materialien<\/h2>\n\n\n\n<p>Haben Sie eine Frage zum Import von Metallen? Dann k\u00f6nnen Sie sich mit PMR BV in Verbindung setzen. Wir sind Ihr verl\u00e4sslicher Partner im Bereich Import und Export. Unser umfangreiches internationales Netzwerk erm\u00f6glicht es uns, Sie unter anderem beim Import von verwertbaren Materialien und Metallen zu unterst\u00fctzen. All dies erfolgt selbstverst\u00e4ndlich vorschriftsm\u00e4\u00dfig und wir stellen die erforderlichen Dokumente zur Verf\u00fcgung.    <\/p>\n\n\n\n<div style=\"height:50px\" aria-hidden=\"true\" class=\"wp-block-spacer\"><\/div>\n\n\n\n<h2 class=\"wp-block-heading\">Export von verwertbaren Materialien und Metallen<\/h2>\n\n\n\n<p>Neben dem Import nutzen wir auch unser internationales Netzwerk f\u00fcr den Export von Eisen- und Nichteisenmetallen. Auch beim Export ist PMR BV Ihr zuverl\u00e4ssiger Partner.<\/p>\n<\/div>\n<\/div>\n\n<p><\/p>\n","protected":false},"excerpt":{"rendered":"<p>PMR BV blickt \u00fcber die Landesgrenzen hinaus. PMR BV blickt \u00fcber die Landesgrenzen hinaus. Wir importieren und exportieren Waren aus dem In- und Ausland. Dar\u00fcber hinaus importieren wir sowohl Eisen- als auch Nichteisenmetalle und k\u00fcmmern uns auch um die notwendigen Dokumente. Wij importeren zowel ferro als non-ferro metalen, en verzorgen ook de benodigde documenten. Import [&hellip;]<\/p>\n","protected":false},"author":1,"featured_media":703,"parent":0,"menu_order":0,"comment_status":"closed","ping_status":"closed","template":"","meta":{"_acf_changed":false,"footnotes":""},"class_list":["post-557","page","type-page","status-publish","has-post-thumbnail","hentry"],"mb":[],"acf":[],"mfb_rest_fields":["title"],"_links":{"self":[{"href":"https:\/\/pmrbv.nl\/de\/wp-json\/wp\/v2\/pages\/557","targetHints":{"allow":["GET"]}}],"collection":[{"href":"https:\/\/pmrbv.nl\/de\/wp-json\/wp\/v2\/pages"}],"about":[{"href":"https:\/\/pmrbv.nl\/de\/wp-json\/wp\/v2\/types\/page"}],"author":[{"embeddable":true,"href":"https:\/\/pmrbv.nl\/de\/wp-json\/wp\/v2\/users\/1"}],"replies":[{"embeddable":true,"href":"https:\/\/pmrbv.nl\/de\/wp-json\/wp\/v2\/comments?post=557"}],"version-history":[{"count":3,"href":"https:\/\/pmrbv.nl\/de\/wp-json\/wp\/v2\/pages\/557\/revisions"}],"predecessor-version":[{"id":2169,"href":"https:\/\/pmrbv.nl\/de\/wp-json\/wp\/v2\/pages\/557\/revisions\/2169"}],"wp:featuredmedia":[{"embeddable":true,"href":"https:\/\/pmrbv.nl\/de\/wp-json\/wp\/v2\/media\/703"}],"wp:attachment":[{"href":"https:\/\/pmrbv.nl\/de\/wp-json\/wp\/v2\/media?parent=557"}],"curies":[{"name":"wp","href":"https:\/\/api.w.org\/{rel}","templated":true}]}}