{"id":539,"date":"2026-01-28T16:34:59","date_gmt":"2026-01-28T15:34:59","guid":{"rendered":"https:\/\/preview.pmrbv.nl\/index.php\/demontage\/"},"modified":"2026-04-30T16:23:32","modified_gmt":"2026-04-30T14:23:32","slug":"demontage","status":"publish","type":"page","link":"https:\/\/pmrbv.nl\/de\/demontage\/","title":{"rendered":"Demontage"},"content":{"rendered":"\n<div class=\"wp-block-group alignwide has-global-padding is-layout-constrained wp-block-group-is-layout-constrained\">\n<div class=\"wp-block-columns alignwide is-layout-flex wp-container-core-columns-is-layout-cf05694f wp-block-columns-is-layout-flex\">\n<div class=\"wp-block-column is-layout-flow wp-block-column-is-layout-flow\">\n<h2 class=\"wp-block-heading has-medium-font-size\">PMR BV f\u00fchrt auf Anfrage schl\u00fcsselfertige Abbruch- und Demontageprojekte durch. Anlagen und Maschinen aus diesen Projekten werden zum Verkauf angeboten. <\/h2>\n<\/div>\n\n\n\n<div class=\"wp-block-column is-layout-flow wp-block-column-is-layout-flow\">\n<h2 class=\"wp-block-heading\" style=\"font-size:clamp(15.747px, 0.984rem + ((1vw - 3.2px) * 0.809), 24px);\">Demontage und Abbruch<\/h2>\n\n\n\n<p class=\"has-small-font-size\">PMR BV bietet eine professionelle und effiziente Demontage von Maschinen und Anlagen. Wir k\u00f6nnen Ihre Maschinen vor Ort zerlegen und verschrotten. Dar\u00fcber hinaus k\u00f6nnen wir die Maschinen nach den vorgegebenen Regeln an unseren Standort transportieren und dort demontieren. Gebrauchte Maschinen und Anlagen k\u00f6nnen zum Verkauf angeboten werden.   <\/p>\n\n\n\n<p class=\"has-small-font-size\">Unsere Spezialisten freuen sich darauf, diese oft gro\u00df angelegten Projekte f\u00fcr Sie zu erledigen. Wir verf\u00fcgen \u00fcber modernste Ausr\u00fcstung und Transportmittel, um den Abbruch und die Demontage von Fabriken und alten Maschinen professionell und effizient durchf\u00fchren zu k\u00f6nnen. <\/p>\n<\/div>\n<\/div>\n<\/div>\n","protected":false},"excerpt":{"rendered":"<p>PMR BV f\u00fchrt auf Anfrage schl\u00fcsselfertige Abbruch- und Demontageprojekte durch. Anlagen und Maschinen aus diesen Projekten werden zum Verkauf angeboten. Demontage und Abbruch PMR BV bietet eine professionelle und effiziente Demontage von Maschinen und Anlagen. Wir k\u00f6nnen Ihre Maschinen vor Ort zerlegen und verschrotten. Dar\u00fcber hinaus k\u00f6nnen wir die Maschinen nach den vorgegebenen Regeln an [&hellip;]<\/p>\n","protected":false},"author":1,"featured_media":692,"parent":0,"menu_order":0,"comment_status":"closed","ping_status":"closed","template":"","meta":{"_acf_changed":false,"footnotes":""},"class_list":["post-539","page","type-page","status-publish","has-post-thumbnail","hentry"],"mb":[],"acf":[],"mfb_rest_fields":["title"],"_links":{"self":[{"href":"https:\/\/pmrbv.nl\/de\/wp-json\/wp\/v2\/pages\/539","targetHints":{"allow":["GET"]}}],"collection":[{"href":"https:\/\/pmrbv.nl\/de\/wp-json\/wp\/v2\/pages"}],"about":[{"href":"https:\/\/pmrbv.nl\/de\/wp-json\/wp\/v2\/types\/page"}],"author":[{"embeddable":true,"href":"https:\/\/pmrbv.nl\/de\/wp-json\/wp\/v2\/users\/1"}],"replies":[{"embeddable":true,"href":"https:\/\/pmrbv.nl\/de\/wp-json\/wp\/v2\/comments?post=539"}],"version-history":[{"count":8,"href":"https:\/\/pmrbv.nl\/de\/wp-json\/wp\/v2\/pages\/539\/revisions"}],"predecessor-version":[{"id":2166,"href":"https:\/\/pmrbv.nl\/de\/wp-json\/wp\/v2\/pages\/539\/revisions\/2166"}],"wp:featuredmedia":[{"embeddable":true,"href":"https:\/\/pmrbv.nl\/de\/wp-json\/wp\/v2\/media\/692"}],"wp:attachment":[{"href":"https:\/\/pmrbv.nl\/de\/wp-json\/wp\/v2\/media?parent=539"}],"curies":[{"name":"wp","href":"https:\/\/api.w.org\/{rel}","templated":true}]}}