{"id":523,"date":"2026-01-28T16:34:06","date_gmt":"2026-01-28T15:34:06","guid":{"rendered":"https:\/\/preview.pmrbv.nl\/index.php\/recycling\/"},"modified":"2026-04-30T16:23:10","modified_gmt":"2026-04-30T14:23:10","slug":"recycling","status":"publish","type":"page","link":"https:\/\/pmrbv.nl\/de\/recycling\/","title":{"rendered":"Recycling"},"content":{"rendered":"\n<div class=\"wp-block-columns alignwide is-layout-flex wp-container-core-columns-is-layout-6f379152 wp-block-columns-is-layout-flex\" style=\"margin-top:0px;margin-bottom:50px\">\n<div class=\"wp-block-column is-layout-flow wp-block-column-is-layout-flow\">\n<h2 class=\"wp-block-heading has-medium-font-size\">PMR BV ist f\u00fcr die Sammlung und Verarbeitung von Eisen- und Nichteisenmetallen bei Unternehmen und Privatpersonen verantwortlich.<\/h2>\n<\/div>\n\n\n\n<div class=\"wp-block-column is-layout-flow wp-block-column-is-layout-flow\">\n<p class=\"has-small-font-size\"><strong>Das Metallrecycling hat in den letzten Jahrzehnten eine enorme technologische Entwicklung durchlaufen, um so viel Metall wie m\u00f6glich aus unserem gesamten Abfall f\u00fcr Sekund\u00e4rrohstoffe zu gewinnen. Die Gewinnung von Prim\u00e4rrohstoffen ist knapper und verursacht h\u00f6here CO2-Emissionen. <\/strong><\/p>\n\n\n\n<p class=\"has-small-font-size\">Dank unserer langj\u00e4hrigen Erfahrung und dem Zugang zu modernen Recyclingmaschinen auf dem Gebiet der Aufbereitung und Metalltrennung ist PMR BV in der Lage, die Sekund\u00e4rrohstoffe aus dem angebotenen Schrott der Schmelzindustrie anzubieten.<\/p>\n<\/div>\n<\/div>\n","protected":false},"excerpt":{"rendered":"<p>PMR BV ist f\u00fcr die Sammlung und Verarbeitung von Eisen- und Nichteisenmetallen bei Unternehmen und Privatpersonen verantwortlich. Das Metallrecycling hat in den letzten Jahrzehnten eine enorme technologische Entwicklung durchlaufen, um so viel Metall wie m\u00f6glich aus unserem gesamten Abfall f\u00fcr Sekund\u00e4rrohstoffe zu gewinnen. Die Gewinnung von Prim\u00e4rrohstoffen ist knapper und verursacht h\u00f6here CO2-Emissionen. Dank unserer [&hellip;]<\/p>\n","protected":false},"author":1,"featured_media":685,"parent":0,"menu_order":0,"comment_status":"closed","ping_status":"closed","template":"","meta":{"_acf_changed":false,"footnotes":""},"class_list":["post-523","page","type-page","status-publish","has-post-thumbnail","hentry"],"mb":[],"acf":[],"mfb_rest_fields":["title"],"_links":{"self":[{"href":"https:\/\/pmrbv.nl\/de\/wp-json\/wp\/v2\/pages\/523","targetHints":{"allow":["GET"]}}],"collection":[{"href":"https:\/\/pmrbv.nl\/de\/wp-json\/wp\/v2\/pages"}],"about":[{"href":"https:\/\/pmrbv.nl\/de\/wp-json\/wp\/v2\/types\/page"}],"author":[{"embeddable":true,"href":"https:\/\/pmrbv.nl\/de\/wp-json\/wp\/v2\/users\/1"}],"replies":[{"embeddable":true,"href":"https:\/\/pmrbv.nl\/de\/wp-json\/wp\/v2\/comments?post=523"}],"version-history":[{"count":7,"href":"https:\/\/pmrbv.nl\/de\/wp-json\/wp\/v2\/pages\/523\/revisions"}],"predecessor-version":[{"id":2164,"href":"https:\/\/pmrbv.nl\/de\/wp-json\/wp\/v2\/pages\/523\/revisions\/2164"}],"wp:featuredmedia":[{"embeddable":true,"href":"https:\/\/pmrbv.nl\/de\/wp-json\/wp\/v2\/media\/685"}],"wp:attachment":[{"href":"https:\/\/pmrbv.nl\/de\/wp-json\/wp\/v2\/media?parent=523"}],"curies":[{"name":"wp","href":"https:\/\/api.w.org\/{rel}","templated":true}]}}