{"id":438,"date":"2026-01-28T11:27:38","date_gmt":"2026-01-28T10:27:38","guid":{"rendered":"https:\/\/preview.pmrbv.nl\/index.php\/pmr-bv\/"},"modified":"2026-04-20T17:01:07","modified_gmt":"2026-04-20T15:01:07","slug":"pmr-bv","status":"publish","type":"page","link":"https:\/\/pmrbv.nl\/de\/","title":{"rendered":"PMR BV"},"content":{"rendered":"\n<div class=\"wp-block-group alignwide has-global-padding is-content-justification-left is-layout-constrained wp-container-core-group-is-layout-cbbb54a7 wp-block-group-is-layout-constrained\" style=\"margin-bottom:0;padding-top:0;padding-bottom:var(--wp--preset--spacing--80)\">\n<div class=\"wp-block-columns alignwide is-layout-flex wp-container-core-columns-is-layout-28f84493 wp-block-columns-is-layout-flex\">\n<div class=\"wp-block-column has-small-font-size is-layout-flow wp-block-column-is-layout-flow\">\n<h2 class=\"wp-block-heading has-medium-font-size\" style=\"font-style:normal;font-weight:700\">Allround-Recycling-Unternehmen<\/h2>\n\n\n\n<p class=\"bold has-small-font-size\" style=\"font-style:normal;font-weight:800\"><strong>PMR BV ist seit Jahrzehnten im Recycling von Eisen- und Nichteisenmaterialien t\u00e4tig. Unsere Aktivit\u00e4ten umfassen die Sammlung, Verarbeitung und den Handel von Stahl- und Metallsorten. <\/strong><\/p>\n\n\n\n<p>PMR BV kauft die folgenden Materialien:<\/p>\n\n\n\n<div class=\"wp-block-group is-content-justification-left is-nowrap is-layout-flex wp-container-core-group-is-layout-fc9f69e7 wp-block-group-is-layout-flex\">\n<ul class=\"wp-block-list\">\n<li>Eisen und Stahl<\/li>\n\n\n\n<li>Aluminium<\/li>\n\n\n\n<li>Zink<\/li>\n\n\n\n<li>Blei<\/li>\n\n\n\n<li>Edelstahl<\/li>\n\n\n\n<li>Kabelreste<\/li>\n\n\n\n<li>Kupfer<\/li>\n\n\n\n<li>Messing<\/li>\n\n\n\n<li>Unsortiertes Metall<\/li>\n\n\n\n<li>Batterien<\/li>\n<\/ul>\n<\/div>\n<\/div>\n\n\n\n<div class=\"wp-block-column is-vertically-aligned-center is-layout-flow wp-block-column-is-layout-flow\">\n<figure class=\"wp-block-image aligncenter radius\"><img decoding=\"async\" src=\"https:\/\/pmrbv.nl\/wp-content\/uploads\/2019\/04\/qmag_scrap_metal_recycling-770x511.jpg\" alt=\"\" style=\"aspect-ratio:1.5068993210192012\" title=\"qmag_scrap_metal_recycling-770x511\"\/><\/figure>\n<\/div>\n<\/div>\n\n\n\n<div class=\"wp-block-group alignwide has-small-font-size is-layout-flow wp-block-group-is-layout-flow\">\n<p class=\"has-text-align-left\">PMR BV ist Ihr Partner im Bereich Recycling und arbeitet mit Ihrem Unternehmen zusammen, um die bestm\u00f6gliche Rendite f\u00fcr Ihre Metallfl\u00fcsse zu erzielen. Auch auf dem Gebiet der Logistik und Umwelt. <\/p>\n\n\n\n<p>PMR BV ist Lieferant von Sekund\u00e4rrohstoffen f\u00fcr Schmelzereien und Gie\u00dfereien. Recycelte Eisen- und Nichteisenmaterialien werden zu Verarbeitungsmaterialien und Halbzeugen f\u00fcr die metallverarbeitende Industrie verarbeitet. <\/p>\n<\/div>\n<\/div>\n\n\n\n<div class=\"wp-block-group alignwide gray has-global-padding is-layout-constrained wp-block-group-is-layout-constrained\" style=\"margin-top:0;margin-bottom:0;padding-top:0;padding-bottom:0\">\n<h2 class=\"wp-block-heading alignwide\" style=\"font-size:clamp(15.747px, 0.984rem + ((1vw - 3.2px) * 0.809), 24px);font-style:normal;font-weight:700\">Aktivit\u00e4ten<\/h2>\n\n\n\n<div class=\"wp-block-group alignwide has-small-font-size has-global-padding is-layout-constrained wp-container-core-group-is-layout-228c4f6c wp-block-group-is-layout-constrained\" style=\"padding-top:var(--wp--preset--spacing--40);padding-right:0;padding-bottom:var(--wp--preset--spacing--40);padding-left:0\">\n<div class=\"wp-block-group alignwide has-small-font-size is-horizontal is-content-justification-center is-layout-flex wp-container-core-group-is-layout-0418d54f wp-block-group-is-layout-flex\" style=\"padding-right:0;padding-left:0\">\n<div class=\"wp-block-cover kaart wp-container-content-9cfa9a5a\" style=\"min-height:430px;aspect-ratio:unset;\"><img loading=\"lazy\" decoding=\"async\" width=\"770\" height=\"511\" class=\"wp-block-cover__image-background wp-image-259 size-full\" alt=\"\" src=\"https:\/\/pmrbv.nl\/wp-content\/uploads\/2026\/01\/qmag_scrap_metal_recycling-770x511-1.jpg\" data-object-fit=\"cover\" srcset=\"https:\/\/pmrbv.nl\/wp-content\/uploads\/2026\/01\/qmag_scrap_metal_recycling-770x511-1.jpg 770w, https:\/\/pmrbv.nl\/wp-content\/uploads\/2026\/01\/qmag_scrap_metal_recycling-770x511-1-768x510.jpg 768w\" sizes=\"auto, (max-width: 770px) 100vw, 770px\" \/><span aria-hidden=\"true\" class=\"wp-block-cover__background has-background-dim\"><\/span><div class=\"wp-block-cover__inner-container is-layout-flow wp-block-cover-is-layout-flow\">\n<h3 class=\"wp-block-heading has-text-align-center has-medium-font-size\" style=\"font-style:normal;font-weight:700\"><a href=\"https:\/\/pmrbv.nl\/recycling\/?lang=de\" data-type=\"page\" data-id=\"287\">Recycling<\/a><\/h3>\n<\/div><\/div>\n\n\n\n<div class=\"wp-block-cover kaart wp-container-content-9cfa9a5a\"><img loading=\"lazy\" decoding=\"async\" width=\"770\" height=\"511\" class=\"wp-block-cover__image-background wp-image-260\" alt=\"\" src=\"https:\/\/pmrbv.nl\/wp-content\/uploads\/2026\/01\/activiteit-container1-1.jpg\" data-object-fit=\"cover\" srcset=\"https:\/\/pmrbv.nl\/wp-content\/uploads\/2026\/01\/activiteit-container1-1.jpg 770w, https:\/\/pmrbv.nl\/wp-content\/uploads\/2026\/01\/activiteit-container1-1-768x510.jpg 768w\" sizes=\"auto, (max-width: 770px) 100vw, 770px\" \/><span aria-hidden=\"true\" class=\"wp-block-cover__background has-background-dim\"><\/span><div class=\"wp-block-cover__inner-container is-layout-flow wp-block-cover-is-layout-flow\">\n<h3 class=\"wp-block-heading has-text-align-center has-medium-font-size\" style=\"font-style:normal;font-weight:700\"><a href=\"https:\/\/pmrbv.nl\/de\/containerservice\/?lang=de\" data-type=\"page\" data-id=\"289\">Container service<\/a><\/h3>\n<\/div><\/div>\n\n\n\n<div class=\"wp-block-cover kaart wp-container-content-9cfa9a5a\"><img loading=\"lazy\" decoding=\"async\" width=\"770\" height=\"511\" class=\"wp-block-cover__image-background wp-image-261\" alt=\"\" src=\"https:\/\/pmrbv.nl\/wp-content\/uploads\/2026\/01\/snij_demontage_sloop.jpg\" data-object-fit=\"cover\" srcset=\"https:\/\/pmrbv.nl\/wp-content\/uploads\/2026\/01\/snij_demontage_sloop.jpg 770w, https:\/\/pmrbv.nl\/wp-content\/uploads\/2026\/01\/snij_demontage_sloop-768x510.jpg 768w\" sizes=\"auto, (max-width: 770px) 100vw, 770px\" \/><span aria-hidden=\"true\" class=\"wp-block-cover__background has-background-dim\"><\/span><div class=\"wp-block-cover__inner-container is-layout-flow wp-block-cover-is-layout-flow\">\n<h3 class=\"wp-block-heading has-text-align-center has-medium-font-size\" style=\"font-style:normal;font-weight:700\"><a href=\"https:\/\/pmrbv.nl\/demontage\/?lang=de\" data-type=\"page\" data-id=\"291\"><br><strong>Demontage \/ Abbrucharbeiten<\/strong><\/a><\/h3>\n<\/div><\/div>\n<\/div>\n\n\n\n<div class=\"wp-block-group alignwide is-content-justification-center is-layout-flex wp-container-core-group-is-layout-b621f2a1 wp-block-group-is-layout-flex\" style=\"padding-top:0;padding-right:0;padding-bottom:0;padding-left:0\">\n<div class=\"wp-block-cover kaart wp-container-content-9cfa9a5a\"><img loading=\"lazy\" decoding=\"async\" width=\"770\" height=\"511\" class=\"wp-block-cover__image-background wp-image-262\" alt=\"\" src=\"https:\/\/pmrbv.nl\/wp-content\/uploads\/2026\/01\/alu-activiteiten.jpg\" data-object-fit=\"cover\" srcset=\"https:\/\/pmrbv.nl\/wp-content\/uploads\/2026\/01\/alu-activiteiten.jpg 770w, https:\/\/pmrbv.nl\/wp-content\/uploads\/2026\/01\/alu-activiteiten-768x510.jpg 768w\" sizes=\"auto, (max-width: 770px) 100vw, 770px\" \/><span aria-hidden=\"true\" class=\"wp-block-cover__background has-background-dim\"><\/span><div class=\"wp-block-cover__inner-container is-layout-flow wp-block-cover-is-layout-flow\">\n<h3 class=\"wp-block-heading has-text-align-center has-medium-font-size\" style=\"font-style:normal;font-weight:700\"><a href=\"https:\/\/pmrbv.nl\/aluminiumrohstoffe\/?lang=de\" data-type=\"page\" data-id=\"293\"><\/a><a href=\"https:\/\/pmrbv.nl\/aluminiumrohstoffe\/?lang=de\" data-type=\"page\" data-id=\"293\">Aluminiumbarren<\/a><\/h3>\n<\/div><\/div>\n\n\n\n<div class=\"wp-block-cover kaart wp-container-content-9cfa9a5a\"><img loading=\"lazy\" decoding=\"async\" width=\"770\" height=\"511\" class=\"wp-block-cover__image-background wp-image-263\" alt=\"\" src=\"https:\/\/pmrbv.nl\/wp-content\/uploads\/2026\/01\/materiaal-activiteiten.jpg\" data-object-fit=\"cover\" srcset=\"https:\/\/pmrbv.nl\/wp-content\/uploads\/2026\/01\/materiaal-activiteiten.jpg 770w, https:\/\/pmrbv.nl\/wp-content\/uploads\/2026\/01\/materiaal-activiteiten-768x510.jpg 768w\" sizes=\"auto, (max-width: 770px) 100vw, 770px\" \/><span aria-hidden=\"true\" class=\"wp-block-cover__background has-background-dim\"><\/span><div class=\"wp-block-cover__inner-container is-layout-flow wp-block-cover-is-layout-flow\">\n<h3 class=\"wp-block-heading has-text-align-center has-medium-font-size\" style=\"font-style:normal;font-weight:700\"><a href=\"https:\/\/pmrbv.nl\/material\/?lang=de\" data-type=\"page\" data-id=\"295\">Materialien<\/a><\/h3>\n<\/div><\/div>\n\n\n\n<div class=\"wp-block-cover kaart wp-container-content-9cfa9a5a\"><img loading=\"lazy\" decoding=\"async\" width=\"770\" height=\"511\" class=\"wp-block-cover__image-background wp-image-264\" alt=\"\" src=\"https:\/\/pmrbv.nl\/wp-content\/uploads\/2026\/01\/worldmap.jpg\" data-object-fit=\"cover\" srcset=\"https:\/\/pmrbv.nl\/wp-content\/uploads\/2026\/01\/worldmap.jpg 770w, https:\/\/pmrbv.nl\/wp-content\/uploads\/2026\/01\/worldmap-768x510.jpg 768w\" sizes=\"auto, (max-width: 770px) 100vw, 770px\" \/><span aria-hidden=\"true\" class=\"wp-block-cover__background has-background-dim\"><\/span><div class=\"wp-block-cover__inner-container is-layout-flow wp-block-cover-is-layout-flow\">\n<h3 class=\"wp-block-heading has-text-align-center has-medium-font-size\" style=\"font-style:normal;font-weight:700\"><a href=\"https:\/\/pmrbv.nl\/import-export\/?lang=de\" data-type=\"page\" data-id=\"297\">Import &amp; Export<\/a><\/h3>\n<\/div><\/div>\n<\/div>\n<\/div>\n<\/div>\n\n\n\n<div class=\"wp-block-group alignwide has-global-padding is-layout-constrained wp-block-group-is-layout-constrained\" style=\"padding-top:var(--wp--preset--spacing--80);padding-bottom:var(--wp--preset--spacing--80)\">\n<div class=\"wp-block-columns alignwide is-layout-flex wp-container-core-columns-is-layout-28f84493 wp-block-columns-is-layout-flex\">\n<div class=\"wp-block-column is-layout-flow wp-block-column-is-layout-flow\">\n<figure class=\"wp-block-image is-resized has-custom-border\"><img decoding=\"async\" src=\"https:\/\/pmrbv.nl\/wp-content\/uploads\/2019\/05\/IMG_6424.jpg\" alt=\"\" style=\"border-style:none;border-width:0px;border-top-left-radius:10px;border-top-right-radius:10px;border-bottom-left-radius:10px;border-bottom-right-radius:10px;width:539px;height:auto\" title=\"IMG_6424\"\/><\/figure>\n<\/div>\n\n\n\n<div class=\"wp-block-column is-layout-flow wp-block-column-is-layout-flow\">\n<h2 class=\"wp-block-heading has-medium-font-size\">Containerplatzierung<\/h2>\n\n\n\n<p class=\"has-small-font-size\">Wenn Sie einen Container f\u00fcr Eisen- und Nichteisenmetalle ben\u00f6tigen, k\u00f6nnen Sie sich mit PMR BV in Verbindung setzen.<\/p>\n\n\n\n<p class=\"has-small-font-size\">Unsere Dienstleistungen umfassen die Platzierung, Entleerung und \/ oder den Austausch von Containern.<\/p>\n\n\n\n<p class=\"has-small-font-size\">Wir haben verschiedene Arten und Gr\u00f6\u00dfen von Containern. Haben Sie viel Schrott? Dann ist ein Container eine gute L\u00f6sung f\u00fcr Sie. Wir k\u00f6nnen aber auch Container bzw. Beh\u00e4lter f\u00fcr Batterien, Sp\u00e4ne und Bohrr\u00fcckst\u00e4nde liefern.   <\/p>\n\n\n\n<div class=\"wp-block-buttons is-layout-flex wp-block-buttons-is-layout-flex\">\n<div class=\"wp-block-button\"><a class=\"wp-block-button__link has-background has-custom-font-size wp-element-button\" href=\"https:\/\/pmrbv.nl\/de\/containerservice\/?lang=de\" style=\"border-top-left-radius:100px;border-top-right-radius:100px;border-bottom-left-radius:100px;border-bottom-right-radius:100px;background-color:#056766;font-size:clamp(14px, 0.875rem + ((1vw - 3.2px) * 0.098), 15px);\">Container Service<\/a><\/div>\n<\/div>\n<\/div>\n<\/div>\n<\/div>\n\n\n<div\r\n\t\tclass=\"alignfull psbParallaxSection wp-block-psb-parallax\"\tid='psbParallaxSection-2'\r\n\tdata-attributes='{&quot;background&quot;:{&quot;type&quot;:&quot;image&quot;,&quot;overlayColor&quot;:&quot;rgba(0, 0, 0, 0.31)&quot;,&quot;position&quot;:&quot;center center&quot;,&quot;image&quot;:{&quot;id&quot;:356,&quot;url&quot;:&quot;https:\\\/\\\/pmrbv.nl\\\/wp-content\\\/uploads\\\/2026\\\/02\\\/demontage_banner.jpg&quot;,&quot;alt&quot;:&quot;&quot;,&quot;title&quot;:&quot;demontage_banner&quot;,&quot;caption&quot;:&quot;&quot;},&quot;color&quot;:&quot;#000&quot;,&quot;gradient&quot;:&quot;linear-gradient(to bottom, #0f172a, #1e293b)&quot;,&quot;repeat&quot;:&quot;no-repeat&quot;,&quot;size&quot;:&quot;cover&quot;},&quot;minHeight&quot;:&quot;600px&quot;,&quot;className&quot;:&quot;psbParallaxSection&quot;,&quot;align&quot;:&quot;full&quot;,&quot;speed&quot;:-1,&quot;verticalAlign&quot;:&quot;center&quot;,&quot;textAlign&quot;:&quot;center&quot;,&quot;padding&quot;:{&quot;vertical&quot;:&quot;20px&quot;,&quot;horizontal&quot;:&quot;30px&quot;},&quot;styles&quot;:{&quot;particles&quot;:{&quot;color&quot;:{&quot;r&quot;:255,&quot;g&quot;:255,&quot;b&quot;:255},&quot;movingSpeed&quot;:0.8,&quot;density&quot;:10},&quot;leaf&quot;:{&quot;status&quot;:true,&quot;color&quot;:&quot;#16a34a&quot;,&quot;count&quot;:20},&quot;cube&quot;:{&quot;position&quot;:{&quot;x&quot;:{&quot;desktop&quot;:&quot;47%&quot;,&quot;tablet&quot;:&quot;40%&quot;,&quot;mobile&quot;:&quot;42%&quot;},&quot;y&quot;:{&quot;desktop&quot;:&quot;45%&quot;,&quot;tablet&quot;:&quot;45%&quot;,&quot;mobile&quot;:&quot;28%&quot;}},&quot;front&quot;:&quot;#60caf81a&quot;,&quot;back&quot;:&quot;rgba(0, 136, 91, 0.1)&quot;,&quot;top&quot;:&quot;rgba(7, 181, 255, 0.1)&quot;,&quot;bottom&quot;:&quot;rgba(0, 241, 161, 0.1)&quot;,&quot;left&quot;:&quot;rgba(56, 189, 248, 0.1)&quot;,&quot;right&quot;:&quot;rgba(47, 255, 186, 0.1)&quot;,&quot;border&quot;:{&quot;width&quot;:&quot;1px&quot;,&quot;type&quot;:&quot;solid&quot;,&quot;color&quot;:&quot;&quot;}},&quot;t4Styles&quot;:{&quot;backgroundColors&quot;:{&quot;upper&quot;:&quot;#f0fdf4&quot;,&quot;lower&quot;:&quot;#dcfce7&quot;}}},&quot;options&quot;:{&quot;isCube&quot;:true},&quot;selectedTheme&quot;:&quot;default&quot;}'\r\n  data-pipecheck='false'\r\n>\r\n  <style>\r\n    \r\n  #psbParallaxSection-2{\r\n    min-height: 600px;\r\n  }\r\n  #psbParallaxSection-2 .psbParallaxSection{\r\n    justify-content: center;\r\n    text-align: center;\r\n    min-height: 600px;\r\n    padding: 20px 30px;\r\n  }\r\n  #psbParallaxSection-2 .psbParallaxImg{\r\n    background: url(https:\/\/pmrbv.nl\/wp-content\/uploads\/2026\/02\/demontage_banner.jpg);background-color: rgba(0, 0, 0, 0.31);background-position: center center;background-size: cover;background-repeat: no-repeat;background-repeat: no-repeat;background-blend-mode: overlay;\r\n  }\r\n  <\/style>\r\n\r\n  <div class='psbParallaxImg' data-speed='-1'><\/div>\r\n\r\n  <div class='psbParallaxSection'>\r\n    \n\n<h2 class=\"wp-block-heading has-text-color\" style=\"color:#fff;font-size:clamp(17.905px, 1.119rem + ((1vw - 3.2px) * 0.99), 28px)\">Kontaktieren Sie uns<\/h2>\n\n\n\n<div class=\"wp-block-group has-global-padding is-layout-constrained wp-block-group-is-layout-constrained\">\n<div class=\"wp-block-buttons is-content-justification-center is-layout-flex wp-container-core-buttons-is-layout-a89b3969 wp-block-buttons-is-layout-flex\">\n<div class=\"wp-block-button is-style-outline is-style-outline--1\"><a class=\"wp-block-button__link has-small-font-size has-custom-font-size wp-element-button\" href=\"https:\/\/pmrbv.nl\/kontakt\/?lang=de\">Nehmen Sie Kontakt auf<\/a><\/div>\n<\/div>\n<\/div>\n\n  <\/div>\r\n<\/div>\n\n\n<div class=\"wp-block-columns alignwide has-small-font-size is-layout-flex wp-container-core-columns-is-layout-51c0b34d wp-block-columns-is-layout-flex\" style=\"padding-top:var(--wp--preset--spacing--50);padding-bottom:var(--wp--preset--spacing--50)\">\n<div class=\"wp-block-column is-layout-flow wp-block-column-is-layout-flow\">\n<p>Sie finden uns auch auf der VIHB-Liste unter:<\/p>\n\n\n\n<p><a href=\"http:\/\/www.nivo.nl\/\" target=\"_blank\" rel=\"noreferrer noopener\">www.nivo.nl<\/a><\/p>\n<\/div>\n\n\n\n<div class=\"wp-block-column is-layout-flow wp-block-column-is-layout-flow\">\n<p>PMR BV erf\u00fcllt die von der Regierung festgelegten Anforderungen, verf\u00fcgt \u00fcber alle erforderlichen Genehmigungen und ist somit Ihr zuverl\u00e4ssiger Partner f\u00fcr die Entsorgung Ihrer Eisen- und Nichteisenmetalle.<\/p>\n<\/div>\n<\/div>\n","protected":false},"excerpt":{"rendered":"<p>Allround-Recycling-Unternehmen PMR BV ist seit Jahrzehnten im Recycling von Eisen- und Nichteisenmaterialien t\u00e4tig. Unsere Aktivit\u00e4ten umfassen die Sammlung, Verarbeitung und den Handel von Stahl- und Metallsorten. PMR BV kauft die folgenden Materialien: PMR BV ist Ihr Partner im Bereich Recycling und arbeitet mit Ihrem Unternehmen zusammen, um die bestm\u00f6gliche Rendite f\u00fcr Ihre Metallfl\u00fcsse zu erzielen. [&hellip;]<\/p>\n","protected":false},"author":1,"featured_media":669,"parent":0,"menu_order":0,"comment_status":"closed","ping_status":"closed","template":"","meta":{"_acf_changed":false,"footnotes":""},"class_list":["post-438","page","type-page","status-publish","has-post-thumbnail","hentry"],"mb":[],"acf":[],"mfb_rest_fields":["title"],"_links":{"self":[{"href":"https:\/\/pmrbv.nl\/de\/wp-json\/wp\/v2\/pages\/438","targetHints":{"allow":["GET"]}}],"collection":[{"href":"https:\/\/pmrbv.nl\/de\/wp-json\/wp\/v2\/pages"}],"about":[{"href":"https:\/\/pmrbv.nl\/de\/wp-json\/wp\/v2\/types\/page"}],"author":[{"embeddable":true,"href":"https:\/\/pmrbv.nl\/de\/wp-json\/wp\/v2\/users\/1"}],"replies":[{"embeddable":true,"href":"https:\/\/pmrbv.nl\/de\/wp-json\/wp\/v2\/comments?post=438"}],"version-history":[{"count":28,"href":"https:\/\/pmrbv.nl\/de\/wp-json\/wp\/v2\/pages\/438\/revisions"}],"predecessor-version":[{"id":2159,"href":"https:\/\/pmrbv.nl\/de\/wp-json\/wp\/v2\/pages\/438\/revisions\/2159"}],"wp:featuredmedia":[{"embeddable":true,"href":"https:\/\/pmrbv.nl\/de\/wp-json\/wp\/v2\/media\/669"}],"wp:attachment":[{"href":"https:\/\/pmrbv.nl\/de\/wp-json\/wp\/v2\/media?parent=438"}],"curies":[{"name":"wp","href":"https:\/\/api.w.org\/{rel}","templated":true}]}}