{"id":425,"date":"2026-01-28T16:35:10","date_gmt":"2026-01-28T15:35:10","guid":{"rendered":"https:\/\/preview.pmrbv.nl\/index.php\/aluminiumrohstoffe\/"},"modified":"2026-04-30T16:21:21","modified_gmt":"2026-04-30T14:21:21","slug":"aluminiumrohstoffe","status":"publish","type":"page","link":"https:\/\/pmrbv.nl\/de\/aluminiumrohstoffe\/","title":{"rendered":"Aluminiumrohstoffe"},"content":{"rendered":"\n<div class=\"wp-block-group alignwide has-global-padding is-layout-constrained wp-block-group-is-layout-constrained\">\n<div class=\"wp-block-columns alignwide is-layout-flex wp-container-core-columns-is-layout-28f84493 wp-block-columns-is-layout-flex\">\n<div class=\"wp-block-column is-layout-flow wp-block-column-is-layout-flow\">\n<h2 class=\"wp-block-heading\">PMR BV ist H\u00e4ndler von Aluminiumrohstoffen.<\/h2>\n<\/div>\n\n\n\n<div class=\"wp-block-column is-layout-flow wp-block-column-is-layout-flow\">\n<h3 class=\"wp-block-heading has-medium-font-size\">Ankauf und Recycling von Altaluminium.<\/h3>\n\n\n\n<p class=\"has-small-font-size\">Wir kaufen die folgenden Arten von Aluminiumabf\u00e4llen: Aluminiumkabel, Aluminiumfelgen, Aluminiumdrehsp\u00e4ne, geschlagenes Aluminium, blankes und lackiertes Profilaluminium, neues Aluminium (Platten, St\u00fccke, Schnipsel), Aluminiumoffsetplatten, Aluminiumheizk\u00f6rper, gegossenes Aluminium, Aluminium-Kupfer-K\u00fchler, Jalousien usw.<\/p>\n\n\n\n<p class=\"has-small-font-size\"><em>Die Preise unterliegen den Kursen der Londoner Metallb\u00f6rse (London Metal Exchange). <\/em><\/p>\n<\/div>\n<\/div>\n<\/div>\n\n\n\n<div style=\"height:30px\" aria-hidden=\"true\" class=\"wp-block-spacer\"><\/div>\n\n\n\n<div class=\"wp-block-group alignwide has-background has-global-padding is-content-justification-left is-layout-constrained wp-container-core-group-is-layout-21fe343f wp-block-group-is-layout-constrained\" style=\"background-color:#f5f5f5;padding-top:var(--wp--preset--spacing--40);padding-bottom:var(--wp--preset--spacing--40)\">\n<p class=\"has-text-align-left bold has-small-font-size\"><strong>Wir liefern folgende Materialien:<\/strong><\/p>\n\n\n\n<div class=\"wp-block-group alignwide has-medium-font-size is-content-justification-center is-layout-flex wp-container-core-group-is-layout-560196fc wp-block-group-is-layout-flex\">\n<div class=\"wp-block-group is-vertical is-layout-flex wp-container-core-group-is-layout-fe9cc265 wp-block-group-is-layout-flex\">\n<figure class=\"wp-block-image size-full\"><img loading=\"lazy\" decoding=\"async\" width=\"643\" height=\"451\" src=\"https:\/\/pmrbv.nl\/wp-content\/uploads\/2026\/02\/alu-taint-tabor.jpg\" alt=\"\" class=\"wp-image-370\"\/><\/figure>\n\n\n\n<p style=\"font-size:clamp(14px, 0.875rem + ((1vw - 3.2px) * 0.392), 18px);\">Alu Taint Tabor<\/p>\n<\/div>\n\n\n\n<div class=\"wp-block-group is-vertical is-layout-flex wp-container-core-group-is-layout-fe9cc265 wp-block-group-is-layout-flex\">\n<figure class=\"wp-block-image size-full\"><img loading=\"lazy\" decoding=\"async\" width=\"643\" height=\"451\" src=\"https:\/\/pmrbv.nl\/wp-content\/uploads\/2026\/02\/alu-twitch.jpg\" alt=\"\" class=\"wp-image-371\"\/><\/figure>\n\n\n\n<p style=\"font-size:clamp(14px, 0.875rem + ((1vw - 3.2px) * 0.392), 18px);\">Alu Twitch<\/p>\n<\/div>\n\n\n\n<div class=\"wp-block-group is-vertical is-layout-flex wp-container-core-group-is-layout-fe9cc265 wp-block-group-is-layout-flex\">\n<figure class=\"wp-block-image size-full\"><img loading=\"lazy\" decoding=\"async\" width=\"643\" height=\"451\" src=\"https:\/\/pmrbv.nl\/wp-content\/uploads\/2026\/02\/alu-castings.jpg\" alt=\"\" class=\"wp-image-372\"\/><\/figure>\n\n\n\n<p>Alu-Guss<\/p>\n<\/div>\n<\/div>\n\n\n\n<div class=\"wp-block-group alignwide has-medium-font-size is-content-justification-center is-layout-flex wp-container-core-group-is-layout-94ea2d6b wp-block-group-is-layout-flex\">\n<div class=\"wp-block-group is-vertical is-layout-flex wp-container-core-group-is-layout-fe9cc265 wp-block-group-is-layout-flex\">\n<figure class=\"wp-block-image size-full\"><img loading=\"lazy\" decoding=\"async\" width=\"643\" height=\"451\" src=\"https:\/\/pmrbv.nl\/wp-content\/uploads\/2026\/02\/alu-turnings.jpg\" alt=\"\" class=\"wp-image-373\"\/><\/figure>\n\n\n\n<p>Alu-Drehteile<\/p>\n<\/div>\n\n\n\n<div class=\"wp-block-group is-vertical is-layout-flex wp-container-core-group-is-layout-fe9cc265 wp-block-group-is-layout-flex\">\n<figure class=\"wp-block-image size-full\"><img loading=\"lazy\" decoding=\"async\" width=\"643\" height=\"451\" src=\"https:\/\/pmrbv.nl\/wp-content\/uploads\/2026\/02\/alu-skimmings.jpg\" alt=\"\" class=\"wp-image-374\"\/><\/figure>\n\n\n\n<p style=\"font-size:clamp(14px, 0.875rem + ((1vw - 3.2px) * 0.392), 18px);\">Alu-Absch\u00e4umung<\/p>\n<\/div>\n\n\n\n<div class=\"wp-block-group is-vertical is-layout-flex wp-container-core-group-is-layout-fe9cc265 wp-block-group-is-layout-flex\">\n<figure class=\"wp-block-image size-full\"><img loading=\"lazy\" decoding=\"async\" width=\"643\" height=\"451\" src=\"https:\/\/pmrbv.nl\/wp-content\/uploads\/2026\/02\/alu-series.jpg\" alt=\"\" class=\"wp-image-375\"\/><\/figure>\n\n\n\n<p style=\"font-size:clamp(14px, 0.875rem + ((1vw - 3.2px) * 0.392), 18px);\">Alu-Serien<\/p>\n\n\n\n<h3 class=\"wp-block-heading has-small-font-size\">2000\/3000\/5000\/6000\/7000<\/h3>\n<\/div>\n<\/div>\n\n\n\n<div class=\"wp-block-group alignwide has-medium-font-size is-content-justification-center is-layout-flex wp-container-core-group-is-layout-b02886af wp-block-group-is-layout-flex\">\n<div class=\"wp-block-group is-vertical is-layout-flex wp-container-core-group-is-layout-fe9cc265 wp-block-group-is-layout-flex\">\n<figure class=\"wp-block-image size-full\"><img loading=\"lazy\" decoding=\"async\" width=\"643\" height=\"451\" src=\"https:\/\/pmrbv.nl\/wp-content\/uploads\/2026\/02\/alu-auslaufer.jpg\" alt=\"\" class=\"wp-image-376\"\/><\/figure>\n\n\n\n<p style=\"font-size:clamp(14px, 0.875rem + ((1vw - 3.2px) * 0.392), 18px);\">Alu-Ausl\u00e4ufer<\/p>\n<\/div>\n\n\n\n<div class=\"wp-block-group is-vertical is-layout-flex wp-container-core-group-is-layout-fe9cc265 wp-block-group-is-layout-flex\">\n<figure class=\"wp-block-image size-full\"><img loading=\"lazy\" decoding=\"async\" width=\"643\" height=\"451\" src=\"https:\/\/pmrbv.nl\/wp-content\/uploads\/2026\/02\/alu_inceneratornew.jpg\" alt=\"\" class=\"wp-image-378\"\/><\/figure>\n\n\n\n<p style=\"font-size:clamp(14px, 0.875rem + ((1vw - 3.2px) * 0.392), 18px);\">Alu-Incenerator<\/p>\n<\/div>\n\n\n\n<div class=\"wp-block-group is-vertical is-layout-flex wp-container-core-group-is-layout-fe9cc265 wp-block-group-is-layout-flex\">\n<figure class=\"wp-block-image size-full\"><img loading=\"lazy\" decoding=\"async\" width=\"643\" height=\"451\" src=\"https:\/\/pmrbv.nl\/wp-content\/uploads\/2026\/02\/aluminiumubcs.jpg\" alt=\"\" class=\"wp-image-379\"\/><\/figure>\n\n\n\n<p style=\"font-size:clamp(14px, 0.875rem + ((1vw - 3.2px) * 0.392), 18px);\">Aluminium-UBCs<\/p>\n<\/div>\n<\/div>\n<\/div>\n\n\n\n<div class=\"wp-block-group alignwide has-global-padding is-content-justification-left is-layout-constrained wp-container-core-group-is-layout-1f128930 wp-block-group-is-layout-constrained\" style=\"padding-top:var(--wp--preset--spacing--50);padding-bottom:var(--wp--preset--spacing--50)\">\n<p class=\"bold has-small-font-size\"><strong>PMR BV ist H\u00e4ndler von Aluminiumlegierungsbl\u00f6cken. Wir liefern die folgenden Veredelungsprodukte und Halbzeuge: <\/strong><\/p>\n\n\n\n<div class=\"wp-block-columns alignwide is-layout-flex wp-container-core-columns-is-layout-28f84493 wp-block-columns-is-layout-flex\">\n<div class=\"wp-block-column is-layout-flow wp-block-column-is-layout-flow\">\n<div class=\"wp-block-group is-vertical is-layout-flex wp-container-core-group-is-layout-fe9cc265 wp-block-group-is-layout-flex\">\n<figure class=\"wp-block-image size-full\"><img loading=\"lazy\" decoding=\"async\" width=\"643\" height=\"451\" src=\"https:\/\/pmrbv.nl\/wp-content\/uploads\/2026\/02\/alu-deox-blokken.jpg\" alt=\"\" class=\"wp-image-382\"\/><\/figure>\n\n\n\n<p class=\"has-small-font-size\">Alu-Deoxbl\u00f6cke<\/p>\n<\/div>\n<\/div>\n\n\n\n<div class=\"wp-block-column is-layout-flow wp-block-column-is-layout-flow\">\n<div class=\"wp-block-group has-medium-font-size is-vertical is-layout-flex wp-container-core-group-is-layout-fe9cc265 wp-block-group-is-layout-flex\">\n<figure class=\"wp-block-image size-full\"><img loading=\"lazy\" decoding=\"async\" width=\"643\" height=\"451\" src=\"https:\/\/pmrbv.nl\/wp-content\/uploads\/2026\/02\/alu_ingots_new.jpg\" alt=\"\" class=\"wp-image-383\"\/><\/figure>\n\n\n\n<p class=\"has-small-font-size\">Aluminium-Legierungsbl\u00f6cke<br>226, 231, 233, 230, 239<\/p>\n<\/div>\n<\/div>\n<\/div>\n<\/div>\n\n\n\n<p><\/p>\n","protected":false},"excerpt":{"rendered":"<p>PMR BV ist H\u00e4ndler von Aluminiumrohstoffen. Ankauf und Recycling von Altaluminium. Wir kaufen die folgenden Arten von Aluminiumabf\u00e4llen: Aluminiumkabel, Aluminiumfelgen, Aluminiumdrehsp\u00e4ne, geschlagenes Aluminium, blankes und lackiertes Profilaluminium, neues Aluminium (Platten, St\u00fccke, Schnipsel), Aluminiumoffsetplatten, Aluminiumheizk\u00f6rper, gegossenes Aluminium, Aluminium-Kupfer-K\u00fchler, Jalousien usw. Die Preise unterliegen den Kursen der Londoner Metallb\u00f6rse (London Metal Exchange). Wir liefern folgende Materialien: Alu [&hellip;]<\/p>\n","protected":false},"author":1,"featured_media":695,"parent":0,"menu_order":0,"comment_status":"closed","ping_status":"closed","template":"","meta":{"_acf_changed":false,"footnotes":""},"class_list":["post-425","page","type-page","status-publish","has-post-thumbnail","hentry"],"mb":[],"acf":[],"mfb_rest_fields":["title"],"_links":{"self":[{"href":"https:\/\/pmrbv.nl\/de\/wp-json\/wp\/v2\/pages\/425","targetHints":{"allow":["GET"]}}],"collection":[{"href":"https:\/\/pmrbv.nl\/de\/wp-json\/wp\/v2\/pages"}],"about":[{"href":"https:\/\/pmrbv.nl\/de\/wp-json\/wp\/v2\/types\/page"}],"author":[{"embeddable":true,"href":"https:\/\/pmrbv.nl\/de\/wp-json\/wp\/v2\/users\/1"}],"replies":[{"embeddable":true,"href":"https:\/\/pmrbv.nl\/de\/wp-json\/wp\/v2\/comments?post=425"}],"version-history":[{"count":14,"href":"https:\/\/pmrbv.nl\/de\/wp-json\/wp\/v2\/pages\/425\/revisions"}],"predecessor-version":[{"id":2167,"href":"https:\/\/pmrbv.nl\/de\/wp-json\/wp\/v2\/pages\/425\/revisions\/2167"}],"wp:featuredmedia":[{"embeddable":true,"href":"https:\/\/pmrbv.nl\/de\/wp-json\/wp\/v2\/media\/695"}],"wp:attachment":[{"href":"https:\/\/pmrbv.nl\/de\/wp-json\/wp\/v2\/media?parent=425"}],"curies":[{"name":"wp","href":"https:\/\/api.w.org\/{rel}","templated":true}]}}