{"id":1861,"date":"2026-01-28T15:17:12","date_gmt":"2026-01-28T14:17:12","guid":{"rendered":"https:\/\/preview.pmrbv.nl\/datenschutzerklaerung\/"},"modified":"2026-04-07T16:19:51","modified_gmt":"2026-04-07T14:19:51","slug":"datenschutzerklaerung","status":"publish","type":"page","link":"https:\/\/pmrbv.nl\/de\/datenschutzerklaerung\/","title":{"rendered":"Datenschutzerkl\u00e4rung"},"content":{"rendered":"\n<p>PMR BV verarbeitet m\u00f6glicherweise personenbezogene Daten \u00fcber Sie, weil Sie die Dienste von PMR BV nutzen und\/oder weil Sie diese Daten PMR BV selbst zur Verf\u00fcgung stellen, indem Sie ein Kontaktformular auf der Website ausf\u00fcllen.<\/p>\n\n<p>Bei der Nutzung des Kontaktformulars werden folgende personenbezogene Daten verarbeitet:<br\/><br\/> <br\/> <br\/><\/p>\n\n<ul class=\"wp-block-list\">\n<li>Ihr Vor- und Nachname<\/li>\n\n\n\n<li>Ihre E-Mail-Adresse<\/li>\n<\/ul>\n\n<p>Warum PMR BV diese Daten ben\u00f6tigt<\/p>\n\n<p>PMR BV verarbeitet Ihre personenbezogenen Daten, um Sie auf Ihren Wunsch hin telefonisch zu kontaktieren und\/oder Sie schriftlich (per E-Mail und\/oder Post) zu kontaktieren, falls wir Sie telefonisch nicht erreichen k\u00f6nnen. PMR BV kann Ihre personenbezogenen Daten auch zur Erf\u00fcllung eines mit Ihnen geschlossenen Vertrags verwenden. <\/p>\n\n<p><strong>WIE LANGE WERDEN DATEN GESPEICHERT?<\/strong><\/p>\n\n<p>PMR BV speichert Ihre personenbezogenen Daten nicht l\u00e4nger als unbedingt notwendig, um die Zwecke zu erf\u00fcllen, f\u00fcr die Ihre Daten erhoben wurden. Ihre Daten werden nicht l\u00e4nger als ein Jahr gespeichert, wenn kein Vertrag mit Ihnen abgeschlossen oder ein bestehender Vertrag gek\u00fcndigt wird. <\/p>\n\n<p><strong>Werden Ihre Daten weitergegeben?<\/strong><\/p>\n\n<p>PMR BV gibt Ihre personenbezogenen Daten nur dann an Dritte weiter, wenn dies zur Durchf\u00fchrung eines Vertrags mit Ihnen oder zur Erf\u00fcllung einer rechtlichen Verpflichtung erforderlich ist.<\/p>\n\n<p><strong>Besuche auf Karten-Websites<\/strong><\/p>\n\n<p>PMR BV nutzt Google Analytics, um zu verfolgen, wie Besucher die Website nutzen:<\/p>\n\n<ul class=\"wp-block-list\">\n<li>Diese Website verwendet Google Analytics-Cookies.<\/li>\n\n\n\n<li>Die Daten\u00fcbertragung erfolgt sicher \u00fcber SSL\/HTTPS.<\/li>\n\n\n\n<li>Pothuizen Metaalrecycling BV hat eine Verarbeitungsvereinbarung mit Google abgeschlossen.<\/li>\n\n\n\n<li>Wir haben uns daf\u00fcr entschieden, einen Teil der IP-Adresse zu maskieren, um die Anonymit\u00e4t der Daten zu gew\u00e4hrleisten.<\/li>\n\n\n\n<li>Die Aufbewahrungsfrist f\u00fcr nutzer- und ereignisbezogene Daten, die mit Cookies, Nutzer-IDs und Werbe-IDs (z. B. DoubleClick-Cookies, Android-Werbe-ID, Apple-Werbe-ID) verkn\u00fcpft sind, betr\u00e4gt in Google Analytics 26 Monate.<\/li>\n\n\n\n<li>Die Weitergabe von Daten an Dritte ist deaktiviert.<\/li>\n\n\n\n<li>Wir verwenden keine anderen Google-Dienste in Kombination mit den Google Analytics-Cookies.<\/li>\n<\/ul>\n\n<p>Wenn Sie nicht m\u00f6chten, dass Ihr anonymisiertes Surfverhalten aufgezeichnet wird, k\u00f6nnen Sie sicherstellen, dass das von PMR BV verwendete Webanalysetool \u201eGoogle Analytics\u201c keine Daten in Cookies speichert. Dazu m\u00fcssen Sie ein Browser-Plugin installieren. <\/p>\n\n<p>Klicken Sie auf den unten stehenden Link, um eine \u00dcbersicht \u00fcber Opt-out-Plug-ins f\u00fcr verschiedene Browser zu erhalten:<\/p>\n\n<figure class=\"wp-block-embed\"><div class=\"wp-block-embed__wrapper\">\nhttps:\/\/tools.google.com\/dlpage\/gaoptout\n<\/div><\/figure>\n\n<p><strong>Google Analytics \u2013 Stellungnahme von Google<\/strong><\/p>\n\n<p>Diese Website nutzt Google Analytics, einen Webanalysedienst der Google Inc. (\u201eGoogle\u201c). Google Analytics verwendet Cookies (Textdateien, die auf Ihrem Computer gespeichert werden), um die Nutzung der Website zu analysieren. Die durch den Cookie erzeugten anonymen Informationen \u00fcber Ihre Nutzung dieser Website werden an einen Server von Google in den USA \u00fcbertragen und dort gespeichert. Google nutzt diese Informationen, um die Nutzung dieser Website auszuwerten, um Reports \u00fcber die Websiteaktivit\u00e4ten f\u00fcr den Betreiber dieser Website (PMR BV) zusammenzustellen und um weitere mit der Website- und Internetnutzung verbundene Dienstleistungen zu erbringen. Google wird diese Informationen nur dann an Dritte \u00fcbertragen, wenn dies gesetzlich vorgeschrieben ist oder soweit Dritte diese Daten im Auftrag von Google verarbeiten. Google wird Ihre IP-Adresse nicht mit anderen von Google gespeicherten Daten zusammenf\u00fchren. Sie k\u00f6nnen die Verwendung von Cookies durch eine entsprechende Einstellung Ihrer Browser-Software verhindern. Wir weisen Sie jedoch darauf hin, dass Sie in diesem Fall gegebenenfalls nicht s\u00e4mtliche Funktionen dieser Website vollumf\u00e4nglich nutzen k\u00f6nnen. Durch die Nutzung dieser Website erkl\u00e4ren Sie sich mit der Bearbeitung der von Ihnen erhobenen Daten durch Google in der zuvor beschriebenen Art und Weise und zu den zuvor genannten Zwecken einverstanden.         <\/p>\n\n<p><strong>DATEN ANSEHEN, \u00c4NDERN ODER L\u00d6SCHEN<\/strong><\/p>\n\n<p>Sie haben jederzeit das Recht, Ihre personenbezogenen Daten einzusehen, zu berichtigen oder zu l\u00f6schen. Sie k\u00f6nnen eine entsprechende Anfrage an PMR BV senden. PMR BV wird Ihre Anfrage schnellstm\u00f6glich, sp\u00e4testens jedoch innerhalb von vier Wochen, beantworten.  <\/p>\n\n<p><strong>SICHERHEIT<\/strong><\/p>\n\n<p>PMR BV legt gro\u00dfen Wert auf den Schutz Ihrer Daten und ergreift daher geeignete Ma\u00dfnahmen, um Missbrauch, Verlust, unbefugten Zugriff, unerw\u00fcnschte Weitergabe und unbefugte \u00c4nderung zu verhindern. Die Website von PMR BV verwendet ein zuverl\u00e4ssiges SSL-Zertifikat, um sicherzustellen, dass Ihre pers\u00f6nlichen Daten nicht in falsche H\u00e4nde geraten. <\/p>\n\n<p>Wenn Sie den Eindruck haben, dass Ihre Daten nicht ordnungsgem\u00e4\u00df gesichert sind, wenn es Anzeichen f\u00fcr Missbrauch gibt oder wenn Sie weitere Informationen \u00fcber die Sicherheit der von PMR BV erhobenen personenbezogenen Daten w\u00fcnschen, wenden Sie sich bitte an PMR BV.<\/p>\n","protected":false},"excerpt":{"rendered":"<p>PMR BV verarbeitet m\u00f6glicherweise personenbezogene Daten \u00fcber Sie, weil Sie die Dienste von PMR BV nutzen und\/oder weil Sie diese Daten PMR BV selbst zur Verf\u00fcgung stellen, indem Sie ein Kontaktformular auf der Website ausf\u00fcllen. Bei der Nutzung des Kontaktformulars werden folgende personenbezogene Daten verarbeitet: Warum PMR BV diese Daten ben\u00f6tigt PMR BV verarbeitet Ihre [&hellip;]<\/p>\n","protected":false},"author":1,"featured_media":669,"parent":0,"menu_order":0,"comment_status":"closed","ping_status":"closed","template":"","meta":{"_acf_changed":false,"footnotes":""},"class_list":["post-1861","page","type-page","status-publish","has-post-thumbnail","hentry"],"mb":[],"acf":[],"mfb_rest_fields":["title"],"_links":{"self":[{"href":"https:\/\/pmrbv.nl\/de\/wp-json\/wp\/v2\/pages\/1861","targetHints":{"allow":["GET"]}}],"collection":[{"href":"https:\/\/pmrbv.nl\/de\/wp-json\/wp\/v2\/pages"}],"about":[{"href":"https:\/\/pmrbv.nl\/de\/wp-json\/wp\/v2\/types\/page"}],"author":[{"embeddable":true,"href":"https:\/\/pmrbv.nl\/de\/wp-json\/wp\/v2\/users\/1"}],"replies":[{"embeddable":true,"href":"https:\/\/pmrbv.nl\/de\/wp-json\/wp\/v2\/comments?post=1861"}],"version-history":[{"count":1,"href":"https:\/\/pmrbv.nl\/de\/wp-json\/wp\/v2\/pages\/1861\/revisions"}],"predecessor-version":[{"id":1862,"href":"https:\/\/pmrbv.nl\/de\/wp-json\/wp\/v2\/pages\/1861\/revisions\/1862"}],"wp:featuredmedia":[{"embeddable":true,"href":"https:\/\/pmrbv.nl\/de\/wp-json\/wp\/v2\/media\/669"}],"wp:attachment":[{"href":"https:\/\/pmrbv.nl\/de\/wp-json\/wp\/v2\/media?parent=1861"}],"curies":[{"name":"wp","href":"https:\/\/api.w.org\/{rel}","templated":true}]}}